{"id":849,"date":"2024-06-06T17:03:29","date_gmt":"2024-06-06T20:03:29","guid":{"rendered":"https:\/\/www.rpitdf.gob.ar\/?page_id=849"},"modified":"2026-04-06T14:07:36","modified_gmt":"2026-04-06T17:07:36","slug":"tasas-registrales","status":"publish","type":"page","link":"https:\/\/www.rpitdf.gob.ar\/?page_id=849","title":{"rendered":"ARANCELES"},"content":{"rendered":"\n<h2 class=\"wp-block-heading\">Aranceles registrales &amp; <br>Tabla valor de los tr\u00e1mites para cada mes.<\/h2>\n\n\n\n<div class=\"wp-block-columns is-layout-flex wp-container-core-columns-is-layout-9d6595d7 wp-block-columns-is-layout-flex\">\n<div class=\"wp-block-column is-vertically-aligned-top is-layout-flow wp-block-column-is-layout-flow\">\n<div class=\"wp-block-columns is-layout-flex wp-container-core-columns-is-layout-9d6595d7 wp-block-columns-is-layout-flex\">\n<div class=\"wp-block-column is-layout-flow wp-block-column-is-layout-flow\">\n<figure class=\"wp-block-image size-full is-style-default\"><a href=\"https:\/\/justierradelfuego.gov.ar\/ley-1384-ius\/\" target=\"_blank\" rel=\"noreferrer noopener\"><img loading=\"lazy\" decoding=\"async\" width=\"1024\" height=\"170\" src=\"https:\/\/www.rpitdf.gob.ar\/wp-content\/uploads\/2024\/02\/2024-BOTON-IUS-VIGENTE.png\" alt=\"\" class=\"wp-image-694\" style=\"object-fit:cover\" srcset=\"https:\/\/www.rpitdf.gob.ar\/wp-content\/uploads\/2024\/02\/2024-BOTON-IUS-VIGENTE.png 1024w, https:\/\/www.rpitdf.gob.ar\/wp-content\/uploads\/2024\/02\/2024-BOTON-IUS-VIGENTE-300x50.png 300w, https:\/\/www.rpitdf.gob.ar\/wp-content\/uploads\/2024\/02\/2024-BOTON-IUS-VIGENTE-768x128.png 768w\" sizes=\"auto, (max-width: 1024px) 100vw, 1024px\" \/><\/a><\/figure>\n\n\n\n<figure class=\"wp-block-image size-full\"><a href=\"https:\/\/www.rpitdf.gob.ar\/wp-content\/uploads\/2023\/12\/ACO_2023_249.pdf\" target=\"_blank\" rel=\"noreferrer noopener\"><img loading=\"lazy\" decoding=\"async\" width=\"1024\" height=\"158\" src=\"https:\/\/www.rpitdf.gob.ar\/wp-content\/uploads\/2024\/01\/2024-boton-ACO-249_VERDE.png\" alt=\"\" class=\"wp-image-630\" srcset=\"https:\/\/www.rpitdf.gob.ar\/wp-content\/uploads\/2024\/01\/2024-boton-ACO-249_VERDE.png 1024w, https:\/\/www.rpitdf.gob.ar\/wp-content\/uploads\/2024\/01\/2024-boton-ACO-249_VERDE-300x46.png 300w, https:\/\/www.rpitdf.gob.ar\/wp-content\/uploads\/2024\/01\/2024-boton-ACO-249_VERDE-768x119.png 768w\" sizes=\"auto, (max-width: 1024px) 100vw, 1024px\" \/><\/a><\/figure>\n<\/div>\n\n\n\n<div class=\"wp-block-column is-layout-flow wp-block-column-is-layout-flow\">\n<div class=\"wp-block-columns is-layout-flex wp-container-core-columns-is-layout-9d6595d7 wp-block-columns-is-layout-flex\">\n<div class=\"wp-block-column is-layout-flow wp-block-column-is-layout-flow\">\n<div class=\"wp-block-columns is-layout-flex wp-container-core-columns-is-layout-9d6595d7 wp-block-columns-is-layout-flex\">\n<div class=\"wp-block-column is-layout-flow wp-block-column-is-layout-flow\"><\/div>\n<\/div>\n<\/div>\n<\/div>\n<\/div>\n<\/div>\n<\/div>\n<\/div>\n\n\n\n<div class=\"wp-block-columns is-layout-flex wp-container-core-columns-is-layout-9d6595d7 wp-block-columns-is-layout-flex\">\n<div class=\"wp-block-column is-layout-flow wp-block-column-is-layout-flow\" style=\"flex-basis:100%\">\n<ul class=\"wp-block-list\">\n<li><strong><mark style=\"background-color:#ffffff;color:#68c616\" class=\"has-inline-color\">Valor tr\u00e1mites<\/mark><\/strong><mark style=\"background-color:#ffffff;color:#746e6e\" class=\"has-inline-color\"><mark style=\"background-color:#ffffff;color:#746e6e\" class=\"has-inline-color\"><\/mark>><\/mark> <a href=\"https:\/\/www.rpitdf.gob.ar\/wp-content\/uploads\/2026\/04\/2026-TASAS-CARTEL-FEBRERO-ABRIL-inclusive.pdf\" target=\"_blank\" rel=\"noreferrer noopener\">FEBRERO-MARZO-ABRIL 2026<\/a><\/li>\n\n\n\n<li><strong><mark style=\"background-color:#ffffff;color:#68c616\" class=\"has-inline-color\">Valor tr\u00e1mites<\/mark><\/strong><mark style=\"background-color:#ffffff;color:#746e6e\" class=\"has-inline-color\"><mark style=\"background-color:#ffffff;color:#746e6e\" class=\"has-inline-color\"><\/mark>&gt;<\/mark> <a href=\"https:\/\/www.rpitdf.gob.ar\/wp-content\/uploads\/2025\/12\/2026-TASAS-CARTEL-ENERO.pdf\" target=\"_blank\" rel=\"noreferrer noopener\">ENERO 2026<\/a><\/li>\n\n\n\n<li><strong><mark style=\"background-color:#ffffff;color:#68c616\" class=\"has-inline-color\">Valor tr\u00e1mites<\/mark><\/strong><mark style=\"background-color:#ffffff;color:#746e6e\" class=\"has-inline-color\"><mark style=\"background-color:#ffffff;color:#746e6e\" class=\"has-inline-color\"><\/mark>&gt;<\/mark> <a href=\"https:\/\/www.rpitdf.gob.ar\/wp-content\/uploads\/2025\/12\/2025-TASAS-CARTEL-DICIEMBRE.pdf\" target=\"_blank\" rel=\"noreferrer noopener\">DICIEMBRE 2025<\/a><\/li>\n\n\n\n<li><strong><mark style=\"background-color:#ffffff;color:#68c616\" class=\"has-inline-color\">Valor tr\u00e1mites<\/mark><\/strong><mark style=\"background-color:#ffffff;color:#746e6e\" class=\"has-inline-color\"><mark style=\"background-color:#ffffff;color:#746e6e\" class=\"has-inline-color\"><strong> <\/strong><\/mark>&gt;<\/mark> <a href=\"https:\/\/www.rpitdf.gob.ar\/wp-content\/uploads\/2025\/10\/2025-TASAS-CARTEL-NOVIEMBRE.pdf\" target=\"_blank\" rel=\"noreferrer noopener\">NOVIEMBRE 2025<\/a><\/li>\n\n\n\n<li><strong><mark style=\"background-color:#ffffff;color:#68c616\" class=\"has-inline-color\">Valor tr\u00e1mites<\/mark><\/strong><mark style=\"background-color:#ffffff;color:#746e6e\" class=\"has-inline-color\"><mark style=\"background-color:#ffffff;color:#746e6e\" class=\"has-inline-color\"><strong> <\/strong><\/mark>&gt;<\/mark> <a href=\"https:\/\/www.rpitdf.gob.ar\/wp-content\/uploads\/2025\/10\/2025-TASAS-CARTEL-OCTUBRE-actualiz.pdf\" target=\"_blank\" rel=\"noreferrer noopener\">OCTUBRE 2025<\/a><\/li>\n\n\n\n<li><strong><mark style=\"background-color:#ffffff;color:#68c616\" class=\"has-inline-color\">Valor tr\u00e1mites<\/mark><\/strong><mark style=\"background-color:#ffffff;color:#746e6e\" class=\"has-inline-color\"><mark style=\"background-color:#ffffff;color:#746e6e\" class=\"has-inline-color\"><strong> <\/strong><\/mark>&gt;<\/mark> <a href=\"https:\/\/www.rpitdf.gob.ar\/wp-content\/uploads\/2025\/08\/2025-TASAS-CARTEL-SEPTIEMBRE.pdf\" target=\"_blank\" rel=\"noreferrer noopener\">SEPTIEMBRE 2025<\/a><\/li>\n\n\n\n<li><strong><mark style=\"background-color:#ffffff;color:#68c616\" class=\"has-inline-color\">Valor tr\u00e1mites<\/mark><\/strong><mark style=\"background-color:#ffffff;color:#746e6e\" class=\"has-inline-color\"><mark style=\"background-color:#ffffff;color:#746e6e\" class=\"has-inline-color\"><strong> <\/strong><\/mark>&gt;<\/mark> <a href=\"https:\/\/www.rpitdf.gob.ar\/wp-content\/uploads\/2025\/06\/2025-TASAS-CARTEL-JULIO-.pdf\" target=\"_blank\" rel=\"noreferrer noopener\">JULIO &#8211; AGOSTO 2025<\/a><\/li>\n\n\n\n<li><strong><mark style=\"background-color:#ffffff;color:#68c616\" class=\"has-inline-color\">Valor tr\u00e1mites<\/mark><\/strong><mark style=\"background-color:#ffffff;color:#746e6e\" class=\"has-inline-color\"><mark style=\"background-color:#ffffff;color:#746e6e\" class=\"has-inline-color\"><strong> <\/strong><\/mark>&gt;<\/mark> <a href=\"https:\/\/www.rpitdf.gob.ar\/wp-content\/uploads\/2025\/04\/2025-TASAS-CARTEL-MAYO.pdf\" target=\"_blank\" rel=\"noreferrer noopener\">MAYO &#8211; JUNIO 2025<\/a><\/li>\n\n\n\n<li><strong><mark style=\"background-color:#ffffff;color:#68c616\" class=\"has-inline-color\">Valor tr\u00e1mites<\/mark><\/strong><mark style=\"background-color:#ffffff;color:#746e6e\" class=\"has-inline-color\"><mark style=\"background-color:#ffffff;color:#746e6e\" class=\"has-inline-color\"><strong> <\/strong><\/mark>&gt;<\/mark> <a href=\"https:\/\/www.rpitdf.gob.ar\/wp-content\/uploads\/2025\/03\/2025-TASAS-CARTEL-ABRIL.pdf\" target=\"_blank\" rel=\"noreferrer noopener\">ABRIL 2025<\/a><\/li>\n\n\n\n<li><strong><mark style=\"background-color:#ffffff;color:#68c616\" class=\"has-inline-color\">Valor tr\u00e1mites<\/mark><\/strong><mark style=\"background-color:#ffffff;color:#746e6e\" class=\"has-inline-color\"><mark style=\"background-color:#ffffff;color:#746e6e\" class=\"has-inline-color\"><strong> <\/strong><\/mark>&gt;<\/mark> <a href=\"https:\/\/www.rpitdf.gob.ar\/wp-content\/uploads\/2025\/02\/2025-TASAS-CARTEL-MARZO.pdf\" target=\"_blank\" rel=\"noreferrer noopener\">MARZO 2025<\/a><\/li>\n\n\n\n<li><strong><mark style=\"background-color:#ffffff;color:#68c616\" class=\"has-inline-color\">Valor tr\u00e1mites<\/mark><\/strong><mark style=\"background-color:#ffffff;color:#746e6e\" class=\"has-inline-color\"><mark style=\"background-color:#ffffff;color:#746e6e\" class=\"has-inline-color\"><strong> <\/strong><\/mark>&gt;<\/mark> <a href=\"https:\/\/www.rpitdf.gob.ar\/wp-content\/uploads\/2025\/01\/2025-TASAS-CARTEL-ENERO.pdf\" data-type=\"link\" data-id=\"https:\/\/www.rpitdf.gob.ar\/wp-content\/uploads\/2024\/10\/2024-11-TASAS-CARTEL.pdf\" target=\"_blank\" rel=\"noreferrer noopener\">ENERO &#8211; FEBRERO 2025<\/a><\/li>\n\n\n\n<li><strong><mark style=\"background-color:#ffffff;color:#68c616\" class=\"has-inline-color\">Valor tr\u00e1mites<\/mark><\/strong><mark style=\"background-color:#ffffff;color:#746e6e\" class=\"has-inline-color\"><mark style=\"background-color:#ffffff;color:#746e6e\" class=\"has-inline-color\"><strong> <\/strong><\/mark>&gt;<\/mark> <a href=\"https:\/\/www.rpitdf.gob.ar\/wp-content\/uploads\/2024\/11\/2024-12-TASAS-CARTEL.pdf\" data-type=\"link\" data-id=\"https:\/\/www.rpitdf.gob.ar\/wp-content\/uploads\/2024\/10\/2024-11-TASAS-CARTEL.pdf\" target=\"_blank\" rel=\"noreferrer noopener\">DICIEMBRE 2024<\/a><\/li>\n\n\n\n<li><strong><mark style=\"background-color:#ffffff;color:#68c616\" class=\"has-inline-color\">Valor tr\u00e1mites<\/mark><\/strong><mark style=\"background-color:#ffffff;color:#746e6e\" class=\"has-inline-color\"><mark style=\"background-color:#ffffff;color:#746e6e\" class=\"has-inline-color\"><strong> <\/strong><\/mark>&gt;<\/mark> <a href=\"https:\/\/www.rpitdf.gob.ar\/wp-content\/uploads\/2024\/10\/2024-11-TASAS-CARTEL.pdf\" data-type=\"link\" data-id=\"https:\/\/www.rpitdf.gob.ar\/wp-content\/uploads\/2024\/10\/2024-11-TASAS-CARTEL.pdf\" target=\"_blank\" rel=\"noreferrer noopener\">NOVIEMBRE 2024<\/a><\/li>\n\n\n\n<li><strong><mark style=\"background-color:#ffffff;color:#68c616\" class=\"has-inline-color\">Valor tr\u00e1mites<\/mark><\/strong><mark style=\"background-color:#ffffff;color:#746e6e\" class=\"has-inline-color\"><mark style=\"background-color:#ffffff;color:#746e6e\" class=\"has-inline-color\"><strong> <\/strong><\/mark>&gt;<\/mark> <a href=\"https:\/\/www.rpitdf.gob.ar\/wp-content\/uploads\/2024\/09\/2024-10-TASAS-CARTEL.pdf\" target=\"_blank\" rel=\"noreferrer noopener\">OCTUBRE 2024<\/a><\/li>\n\n\n\n<li><strong><mark style=\"background-color:#ffffff;color:#68c616\" class=\"has-inline-color\">Valor tr\u00e1mites<\/mark><\/strong><mark style=\"background-color:#ffffff;color:#746e6e\" class=\"has-inline-color\"><mark style=\"background-color:#ffffff;color:#746e6e\" class=\"has-inline-color\"><strong> <\/strong><\/mark>&gt;<\/mark> <a href=\"https:\/\/www.rpitdf.gob.ar\/wp-content\/uploads\/2024\/08\/2024-09-TASAS-CARTEL.pdf\" target=\"_blank\" rel=\"noreferrer noopener\">SEPTIEMBRE 2024<\/a><\/li>\n\n\n\n<li><strong><mark style=\"background-color:#ffffff;color:#68c616\" class=\"has-inline-color\">Valor tr\u00e1mites<\/mark><\/strong><mark style=\"background-color:#ffffff;color:#746e6e\" class=\"has-inline-color\"><mark style=\"background-color:#ffffff;color:#746e6e\" class=\"has-inline-color\"><strong> <\/strong><\/mark>&gt;<\/mark> <a href=\"https:\/\/www.rpitdf.gob.ar\/wp-content\/uploads\/2024\/07\/2024-08-TASAS-CARTEL.pdf\" target=\"_blank\" rel=\"noreferrer noopener\">AGOSTO 2024<\/a><\/li>\n\n\n\n<li><strong><mark style=\"background-color:#ffffff;color:#68c616\" class=\"has-inline-color\">Valor tr\u00e1mites<\/mark><\/strong><mark style=\"background-color:#ffffff;color:#746e6e\" class=\"has-inline-color\"><mark style=\"background-color:#ffffff;color:#746e6e\" class=\"has-inline-color\"><strong> <\/strong><\/mark>&gt;<\/mark> <a href=\"https:\/\/www.rpitdf.gob.ar\/wp-content\/uploads\/2024\/06\/2024-07-TASAS-CARTEL.pdf\">JULIO 2024<\/a><\/li>\n\n\n\n<li><strong><mark style=\"background-color:#ffffff;color:#68c616\" class=\"has-inline-color\">Valor tr\u00e1mites<\/mark><\/strong><mark style=\"background-color:#ffffff;color:#746e6e\" class=\"has-inline-color\"><mark style=\"background-color:#ffffff;color:#746e6e\" class=\"has-inline-color\"><strong> <\/strong><\/mark>&gt;<\/mark><a href=\"https:\/\/www.rpitdf.gob.ar\/wp-content\/uploads\/2024\/05\/2024-06-TASAS-CARTEL.pdf\" data-type=\"link\" data-id=\"https:\/\/www.rpitdf.gob.ar\/wp-content\/uploads\/2024\/05\/2024-05-TASAS-CARTEL-VIDRIOS.pdf\" target=\"_blank\" rel=\"noreferrer noopener\"> JUNIO 2024<\/a><\/li>\n\n\n\n<li><strong><mark style=\"background-color:#ffffff;color:#68c616\" class=\"has-inline-color\">Valor tr\u00e1mites<\/mark><\/strong><mark style=\"background-color:#ffffff;color:#746e6e\" class=\"has-inline-color\"><mark style=\"background-color:#ffffff;color:#746e6e\" class=\"has-inline-color\"><strong> <\/strong><\/mark>&gt;<\/mark><a href=\"https:\/\/www.rpitdf.gob.ar\/wp-content\/uploads\/2024\/05\/2024-05-TASAS-CARTEL-VIDRIOS.pdf\" data-type=\"link\" data-id=\"https:\/\/www.rpitdf.gob.ar\/wp-content\/uploads\/2024\/05\/2024-05-TASAS-CARTEL-VIDRIOS.pdf\" target=\"_blank\" rel=\"noreferrer noopener\"> MAYO 2024<\/a><\/li>\n\n\n\n<li><strong><mark style=\"background-color:#ffffff;color:#68c616\" class=\"has-inline-color\">Valor tr\u00e1mites<\/mark><\/strong><mark style=\"background-color:#ffffff;color:#746e6e\" class=\"has-inline-color\"><mark style=\"background-color:#ffffff;color:#746e6e\" class=\"has-inline-color\"><strong> <\/strong><\/mark>&gt;<\/mark> <a href=\"https:\/\/www.rpitdf.gob.ar\/wp-content\/uploads\/2024\/03\/2024-04-TASAS-CARTEL-VIDRIOS.pdf\" target=\"_blank\" rel=\"noreferrer noopener\">ABRIL 2024<\/a><\/li>\n\n\n\n<li><strong><strong><mark style=\"background-color:#ffffff;color:#68c616\" class=\"has-inline-color\">Valor tr\u00e1mites<\/mark><\/strong><mark style=\"background-color:#ffffff;color:#746e6e\" class=\"has-inline-color\"><strong><mark style=\"background-color:#ffffff;color:#746e6e\" class=\"has-inline-color\"> <\/mark><\/strong>&gt; <\/mark><\/strong><a href=\"https:\/\/www.rpitdf.gob.ar\/wp-content\/uploads\/2024\/03\/2024-03-TASAS-CARTEL-VIDRIOS.pdf\" target=\"_blank\" rel=\"noreferrer noopener\">MARZO 2024<\/a><\/li>\n<\/ul>\n<\/div>\n<\/div>\n\n\n\n<div class=\"wp-block-columns is-layout-flex wp-container-core-columns-is-layout-9d6595d7 wp-block-columns-is-layout-flex\">\n<div class=\"wp-block-column is-layout-flow wp-block-column-is-layout-flow\">\n<details class=\"wp-block-details is-layout-flow wp-block-details-is-layout-flow\"><summary>Despliegue listado de Acordadas no vigentes<\/summary>\n<p><a href=\"https:\/\/www.rpitdf.gob.ar\/wp-content\/uploads\/2023\/03\/Ac-150-20222-y-anexo.pdf\" target=\"_blank\" rel=\"noreferrer noopener\"><mark style=\"background-color:rgba(0, 0, 0, 0)\" class=\"has-inline-color has-vivid-green-cyan-color\">ACO 150\/2022<\/mark> &#8211; Vigente hasta el 01\/01\/2024<\/a><\/p>\n\n\n\n<p><a href=\"https:\/\/www.rpitdf.gob.ar\/wp-content\/uploads\/2022\/08\/ACO_2021_135.pdf\" target=\"_blank\" rel=\"noreferrer noopener\"><mark style=\"background-color:rgba(0, 0, 0, 0)\" class=\"has-inline-color has-vivid-green-cyan-color\">ACO 135\/2021<\/mark> &#8211; Vigente hasta el 01\/12\/2022<\/a><br><\/p>\n<\/details>\n<\/div>\n\n\n\n<div class=\"wp-block-column is-layout-flow wp-block-column-is-layout-flow\"><\/div>\n<\/div>\n\n\n\n<p><\/p>\n","protected":false},"excerpt":{"rendered":"<p>Aranceles registrales &amp; Tabla valor de los tr\u00e1mites para cada mes. Valor tr\u00e1mites> FEBRERO-MARZO-ABRIL 2026 Valor tr\u00e1mites&gt; ENERO 2026 Valor tr\u00e1mites&gt; DICIEMBRE 2025 Valor tr\u00e1mites &gt; NOVIEMBRE 2025 Valor tr\u00e1mites &gt; OCTUBRE 2025 Valor tr\u00e1mites &gt; SEPTIEMBRE 2025 Valor tr\u00e1mites &gt; JULIO &#8211; AGOSTO 2025 Valor tr\u00e1mites &gt; MAYO &#8211; JUNIO 2025 Valor tr\u00e1mites &gt; &hellip;<\/p>\n","protected":false},"author":8,"featured_media":0,"parent":0,"menu_order":0,"comment_status":"closed","ping_status":"closed","template":"","meta":{"footnotes":""},"class_list":["post-849","page","type-page","status-publish",""],"_links":{"self":[{"href":"https:\/\/www.rpitdf.gob.ar\/index.php?rest_route=\/wp\/v2\/pages\/849","targetHints":{"allow":["GET"]}}],"collection":[{"href":"https:\/\/www.rpitdf.gob.ar\/index.php?rest_route=\/wp\/v2\/pages"}],"about":[{"href":"https:\/\/www.rpitdf.gob.ar\/index.php?rest_route=\/wp\/v2\/types\/page"}],"author":[{"embeddable":true,"href":"https:\/\/www.rpitdf.gob.ar\/index.php?rest_route=\/wp\/v2\/users\/8"}],"replies":[{"embeddable":true,"href":"https:\/\/www.rpitdf.gob.ar\/index.php?rest_route=%2Fwp%2Fv2%2Fcomments&post=849"}],"version-history":[{"count":33,"href":"https:\/\/www.rpitdf.gob.ar\/index.php?rest_route=\/wp\/v2\/pages\/849\/revisions"}],"predecessor-version":[{"id":1325,"href":"https:\/\/www.rpitdf.gob.ar\/index.php?rest_route=\/wp\/v2\/pages\/849\/revisions\/1325"}],"wp:attachment":[{"href":"https:\/\/www.rpitdf.gob.ar\/index.php?rest_route=%2Fwp%2Fv2%2Fmedia&parent=849"}],"curies":[{"name":"wp","href":"https:\/\/api.w.org\/{rel}","templated":true}]}}