{"id":830,"date":"2024-06-04T00:51:33","date_gmt":"2024-06-04T03:51:33","guid":{"rendered":"https:\/\/www.rpitdf.gob.ar\/?page_id=830"},"modified":"2025-10-01T15:37:56","modified_gmt":"2025-10-01T18:37:56","slug":"rubrica-de-libros-de-consorcio-2","status":"publish","type":"page","link":"https:\/\/www.rpitdf.gob.ar\/?page_id=830","title":{"rendered":"R\u00daBRICA DE LIBROS DE CONSORCIO"},"content":{"rendered":"\n<h2 class=\"wp-block-heading\" style=\"font-size:30px;font-style:normal;font-weight:100\"><mark style=\"background-color:rgba(0, 0, 0, 0);color:#75b59b\" class=\"has-inline-color\">Formulario solicitud R\u00fabrica de libros<\/mark><\/h2>\n\n\n\n<p><a href=\"https:\/\/www.rpitdf.gob.ar\/wp-content\/uploads\/2025\/10\/2025-RUB-Solicitud-RUBRICA-DE-LIBROS_v2-1.pdf\" target=\"_blank\" rel=\"noreferrer noopener\"><mark style=\"background-color:rgba(0, 0, 0, 0)\" class=\"has-inline-color has-vivid-cyan-blue-color\">Descargue, complete este formulario y pres\u00e9ntelo junto con los libros y el resto de la documentaci\u00f3n. <\/mark><\/a><\/p>\n\n\n\n<h2 class=\"wp-block-heading\" style=\"font-size:30px;font-style:normal;font-weight:100\"><mark style=\"background-color:rgba(0, 0, 0, 0)\" class=\"has-inline-color has-black-color\">Libros que se rubrican en el RPI<\/mark><\/h2>\n\n\n\n<ul class=\"wp-block-list\">\n<li>Libro de actas de asambleas <mark style=\"background-color:rgba(0, 0, 0, 0);color:#75b59b\" class=\"has-inline-color\">(art. 2062 CCyCN)&nbsp;<\/mark><\/li>\n\n\n\n<li>Libro de registro de firmas de los propietarios <mark style=\"background-color:rgba(0, 0, 0, 0);color:#75b59b\" class=\"has-inline-color\">(art. 2062 CCyCN)&nbsp;<\/mark><\/li>\n\n\n\n<li>Libro de administraci\u00f3n <mark style=\"background-color:rgba(0, 0, 0, 0);color:#75b59b\" class=\"has-inline-color\">(art. 2067 inc. i) CCyCN)&nbsp;<\/mark>&nbsp;<\/li>\n\n\n\n<li>Libro de registro de propietarios <mark style=\"background-color:rgba(0, 0, 0, 0);color:#75b59b\" class=\"has-inline-color\">(art. 2067 inc. i) CCyCN)&nbsp;<\/mark><\/li>\n\n\n\n<li>Otros que no deban rubricarse en IGJ u otros organismos. <mark style=\"background-color:rgba(0, 0, 0, 0);color:#75b59b\" class=\"has-inline-color\">(art. 2067 inc. i) CCyCN)&nbsp;<\/mark><\/li>\n<\/ul>\n\n\n\n<h2 class=\"wp-block-heading\" style=\"font-size:30px;font-style:normal;font-weight:100\">Nota de apertura del nuevo libro\u202f <em>-opciones-&nbsp;<\/em><strong>&nbsp;<\/strong><\/h2>\n\n\n\n<ol start=\"1\" class=\"wp-block-list\">\n<li><strong>LIBRO QUE SE APERTURA EN EL RPI\u202f<mark style=\"background-color:rgba(0, 0, 0, 0)\" class=\"has-inline-color has-luminous-vivid-amber-color\">&gt;<\/mark><\/strong> En la primera foja \u00fatil del libro a rubricar, el RPI insertar\u00e1 la nota de apertura que deber\u00e1 ser suscripta ante el oficial de Registro por el Administrador con mandato vigente.&nbsp;&nbsp;<\/li>\n<\/ol>\n\n\n\n<ol start=\"2\" class=\"wp-block-list\">\n<li><strong>LIBRO PREVIAMENTE APERTURADO POR ESCRIBANO <\/strong><mark style=\"background-color:rgba(0, 0, 0, 0)\" class=\"has-inline-color has-luminous-vivid-amber-color\"><strong>&gt;<\/strong><\/mark> Se presenta el Administrador con el\/los libros a rubricar ante el RPI con nota de apertura confeccionada por un Escribano. En la misma debe constar la calificaci\u00f3n de la vigencia del mandato del Administrador.<\/li>\n<\/ol>\n\n\n\n<h2 class=\"wp-block-heading\" style=\"font-size:30px;font-style:normal;font-weight:100\">Requisitos generales para la R\u00fabrica de libros de Consorcio<\/h2>\n\n\n\n<h2 class=\"wp-block-heading\" style=\"font-size:30px\"><\/h2>\n\n\n\n<p style=\"font-size:24px;font-style:normal;font-weight:100\"><mark style=\"background-color:rgba(0, 0, 0, 0);color:#75b59b\" class=\"has-inline-color\"><strong>PRIMER LIBRO <\/strong>(de cada tema)&nbsp;<\/mark><\/p>\n\n\n\n<ol start=\"1\" class=\"wp-block-list\">\n<li>Acompa\u00f1ar el libro a rubricar (N\u00ba 1). Sus fojas deben estar foliadas con numeraci\u00f3n correlativa.<\/li>\n<\/ol>\n\n\n\n<ol start=\"2\" class=\"wp-block-list\">\n<li><strong>Reglamento<\/strong>. Original + fotocopia simple \u00f3 Fotocopia certificada del Reglamento de Propiedad inscripto en el que conste el n\u00famero de matr\u00edcula del inmueble, las fechas de otorgamiento e inscripci\u00f3n.&nbsp;&nbsp;<br>No resulta id\u00f3nea la presentaci\u00f3n de una copia simple cuando no viene acompa\u00f1ada por el testimonio o copia original inscripta.&nbsp;&nbsp;<\/li>\n<\/ol>\n\n\n\n<ol start=\"3\" class=\"wp-block-list\">\n<li><strong>Designaci\u00f3n vigente del Administrador<\/strong>, sea que su designaci\u00f3n se hubiera efectuado en el Reglamento o mediante un Acta, -en este \u00faltimo caso es necesario que de dicha Acta surja la autorizaci\u00f3n expresa de la Asamblea de Propietarios para la gesti\u00f3n del tr\u00e1mite y que la misma est\u00e9 protocolizada o su fotocopia est\u00e9 certificada por escribano.&nbsp;&nbsp;<\/li>\n<\/ol>\n\n\n\n<ol start=\"4\" class=\"wp-block-list\">\n<li><strong>Datos del Consorcio<\/strong>: Constancia AFIP de Inscripci\u00f3n de Personas Jur\u00eddicas (F420\/E), denominaci\u00f3n, domicilio, cantidad de unidades, tel\u00e9fono y mail.&nbsp;<\/li>\n<\/ol>\n\n\n\n<ol start=\"5\" class=\"wp-block-list\">\n<li><strong>Datos del Administrador<\/strong>: fotocopia simple del frente y dorso del DNI del administrador, tel\u00e9fono, mail y su n\u00famero de CUIT.&nbsp;<br>Si el Administrador resultare una Persona Jur\u00eddica, deber\u00e1 acompa\u00f1ar -adem\u00e1s- copia del instrumento de apoderamiento.&nbsp;&nbsp;<\/li>\n<\/ol>\n\n\n\n<p style=\"font-size:24px;font-style:normal;font-weight:100\"><mark style=\"background-color:rgba(0, 0, 0, 0);color:#75b59b\" class=\"has-inline-color\"><strong>ULTERIORES LIBROS <\/strong>(2\u00ba ejemplar en adelante)<\/mark>&nbsp;<\/p>\n\n\n\n<p>Adem\u00e1s de los Requisitos Generales para la rubricaci\u00f3n de libros, deber\u00e1\u2026&nbsp;<\/p>\n\n\n\n<ol start=\"1\" class=\"wp-block-list\">\n<li>Adjuntar copia del <strong>\u2018Informe de libros rubricados\u2019<\/strong> expedido por el RPI para este Consorcio-Matr\u00edcula.&nbsp;<\/li>\n<\/ol>\n\n\n\n<ol start=\"2\" class=\"wp-block-list\">\n<li><strong>Acompa\u00f1ar el libro anterior<\/strong> (terminado o inutilizado) y el libro que se desea rubricar.&nbsp;<\/li>\n<\/ol>\n\n\n\n<ol start=\"3\" class=\"wp-block-list\">\n<li><strong>Declaraci\u00f3n Jurada del Administrador <\/strong>con mandato vigente en el sentido de que no se formul\u00f3 denuncia policial por robo y que el Libro en cuesti\u00f3n no se encuentra en sede judicial.&nbsp;<\/li>\n<\/ol>\n","protected":false},"excerpt":{"rendered":"<p>Formulario solicitud R\u00fabrica de libros Descargue, complete este formulario y pres\u00e9ntelo junto con los libros y el resto de la documentaci\u00f3n. Libros que se rubrican en el RPI Libro de actas de asambleas (art. 2062 CCyCN)&nbsp; Libro de registro de firmas de los propietarios (art. 2062 CCyCN)&nbsp; Libro de administraci\u00f3n (art. 2067 inc. i) CCyCN)&nbsp;&nbsp; &hellip;<\/p>\n","protected":false},"author":8,"featured_media":0,"parent":0,"menu_order":0,"comment_status":"closed","ping_status":"closed","template":"","meta":{"footnotes":""},"class_list":["post-830","page","type-page","status-publish",""],"_links":{"self":[{"href":"https:\/\/www.rpitdf.gob.ar\/index.php?rest_route=\/wp\/v2\/pages\/830","targetHints":{"allow":["GET"]}}],"collection":[{"href":"https:\/\/www.rpitdf.gob.ar\/index.php?rest_route=\/wp\/v2\/pages"}],"about":[{"href":"https:\/\/www.rpitdf.gob.ar\/index.php?rest_route=\/wp\/v2\/types\/page"}],"author":[{"embeddable":true,"href":"https:\/\/www.rpitdf.gob.ar\/index.php?rest_route=\/wp\/v2\/users\/8"}],"replies":[{"embeddable":true,"href":"https:\/\/www.rpitdf.gob.ar\/index.php?rest_route=%2Fwp%2Fv2%2Fcomments&post=830"}],"version-history":[{"count":12,"href":"https:\/\/www.rpitdf.gob.ar\/index.php?rest_route=\/wp\/v2\/pages\/830\/revisions"}],"predecessor-version":[{"id":1233,"href":"https:\/\/www.rpitdf.gob.ar\/index.php?rest_route=\/wp\/v2\/pages\/830\/revisions\/1233"}],"wp:attachment":[{"href":"https:\/\/www.rpitdf.gob.ar\/index.php?rest_route=%2Fwp%2Fv2%2Fmedia&parent=830"}],"curies":[{"name":"wp","href":"https:\/\/api.w.org\/{rel}","templated":true}]}}