{"id":21,"date":"2022-08-31T11:38:14","date_gmt":"2022-08-31T11:38:14","guid":{"rendered":"https:\/\/www.rpitdf.gob.ar\/?page_id=21"},"modified":"2024-07-12T12:56:04","modified_gmt":"2024-07-12T15:56:04","slug":"informacion","status":"publish","type":"page","link":"https:\/\/www.rpitdf.gob.ar\/?page_id=21","title":{"rendered":"CONTACTO"},"content":{"rendered":"\n<h1 class=\"wp-block-heading\"><\/h1>\n\n\n\n<p>Puede obtener informaci\u00f3n acerca de los servicios que brinda el Registro de la Propiedad Inmueble de la Provincia de Tierra del Fuego AeIAS tanto de manera presencial por la Mesa de Entradas de cualquiera de las delegaciones, como en forma telef\u00f3nica. <br>Asimismo, podr\u00e1 efectuar consultas jur\u00eddicas referidas a registraci\u00f3n inmobiliaria donde ser\u00e1 atendido por personal id\u00f3neo.<\/p>\n\n\n\n<p><strong>Presentaci\u00f3n de Tr\u00e1mites:<\/strong> Lunes a viernes h\u00e1biles administrativos 9:00 a 12:00 hs.<br><strong>Retiro de Tr\u00e1mites y consultas registrales:<\/strong> Lunes a viernes h\u00e1biles administrativos 8:00 a 14:00 hs.<\/p>\n\n\n\n<p><strong><mark style=\"background-color:#fcb900\" class=\"has-inline-color has-black-color\">Horario especial durante la Feria de Invierno o Verano: <\/mark><\/strong><br><strong>Presentaci\u00f3n de Tr\u00e1mites:<\/strong> Lunes a viernes h\u00e1biles administrativos 9:00 a 12:00 hs.<br><strong>Retiro de Tr\u00e1mites y consultas registrales:<\/strong> Lunes a viernes h\u00e1biles administrativos 9:00 a 13:00 hs.<\/p>\n\n\n\n<p><strong><mark style=\"background-color:#fcb900\" class=\"has-inline-color has-black-color\">Contacto<\/mark><\/strong><br><strong>Delegaci\u00f3n Ushuaia:<\/strong>&nbsp;02901-441590 | Kay\u00e9n N\u00ba 171<br><strong>Delegaci\u00f3n R\u00edo Grande<\/strong>: 02964-435068 | Moyano N\u00ba 780<br><strong>Correo electr\u00f3nico:<\/strong> <a href=\"mailto:rpiush@justierradelfuego.gov.ar\">rpiush@justierradelfuego.gov.ar<\/a><\/p>\n\n\n\n<p><\/p>\n\n\n\n<p><\/p>\n","protected":false},"excerpt":{"rendered":"<p>Puede obtener informaci\u00f3n acerca de los servicios que brinda el Registro de la Propiedad Inmueble de la Provincia de Tierra del Fuego AeIAS tanto de manera presencial por la Mesa de Entradas de cualquiera de las delegaciones, como en forma telef\u00f3nica. Asimismo, podr\u00e1 efectuar consultas jur\u00eddicas referidas a registraci\u00f3n inmobiliaria donde ser\u00e1 atendido por personal &hellip;<\/p>\n","protected":false},"author":1,"featured_media":0,"parent":0,"menu_order":0,"comment_status":"closed","ping_status":"closed","template":"","meta":{"footnotes":""},"class_list":["post-21","page","type-page","status-publish",""],"_links":{"self":[{"href":"https:\/\/www.rpitdf.gob.ar\/index.php?rest_route=\/wp\/v2\/pages\/21","targetHints":{"allow":["GET"]}}],"collection":[{"href":"https:\/\/www.rpitdf.gob.ar\/index.php?rest_route=\/wp\/v2\/pages"}],"about":[{"href":"https:\/\/www.rpitdf.gob.ar\/index.php?rest_route=\/wp\/v2\/types\/page"}],"author":[{"embeddable":true,"href":"https:\/\/www.rpitdf.gob.ar\/index.php?rest_route=\/wp\/v2\/users\/1"}],"replies":[{"embeddable":true,"href":"https:\/\/www.rpitdf.gob.ar\/index.php?rest_route=%2Fwp%2Fv2%2Fcomments&post=21"}],"version-history":[{"count":9,"href":"https:\/\/www.rpitdf.gob.ar\/index.php?rest_route=\/wp\/v2\/pages\/21\/revisions"}],"predecessor-version":[{"id":902,"href":"https:\/\/www.rpitdf.gob.ar\/index.php?rest_route=\/wp\/v2\/pages\/21\/revisions\/902"}],"wp:attachment":[{"href":"https:\/\/www.rpitdf.gob.ar\/index.php?rest_route=%2Fwp%2Fv2%2Fmedia&parent=21"}],"curies":[{"name":"wp","href":"https:\/\/api.w.org\/{rel}","templated":true}]}}