{"id":19,"date":"2022-08-31T11:37:52","date_gmt":"2022-08-31T11:37:52","guid":{"rendered":"https:\/\/www.rpitdf.gob.ar\/?page_id=19"},"modified":"2025-09-02T11:48:12","modified_gmt":"2025-09-02T14:48:12","slug":"institucional","status":"publish","type":"page","link":"https:\/\/www.rpitdf.gob.ar\/?page_id=19","title":{"rendered":"INSTITUCIONAL"},"content":{"rendered":"\n<h1 class=\"wp-block-heading\"><\/h1>\n\n\n\n<p>El &nbsp;Registro &nbsp;de &nbsp;la &nbsp;Propiedad &nbsp;Inmueble &nbsp;tiene &nbsp;a &nbsp;su &nbsp;cargo &nbsp;la &nbsp;registraci\u00f3n &nbsp;y &nbsp;publicidad &nbsp;jur\u00eddica inmobiliaria en la Provincia de Tierra del Fuego, Ant\u00e1rtida e Islas del Atl\u00e1ntico Sur, conforme a las disposiciones contenidas en la Ley Nacional 17801 y en la Ley Provincial 532 -que lo crea y reglamenta sus funciones-. &nbsp;Esta &nbsp;funci\u00f3n &nbsp;permite &nbsp;el &nbsp;conocimiento &nbsp;de &nbsp;la situaci\u00f3n jur\u00eddica de los inmuebles as\u00ed como &nbsp;la aptitud &nbsp;jur\u00eddica &nbsp;de las personas para disponer libremente de sus bienes; y la &nbsp;oponibilidad frente &nbsp;a terceros &nbsp;exigida &nbsp;por &nbsp;el &nbsp;Art\u00edculo 1893 del C\u00f3digo Civil y Comercial de la Naci\u00f3n para la adquisici\u00f3n o transmisi\u00f3n de derechos reales.<\/p>\n\n\n\n<p>El Registro es un organismo del Poder Judicial de la Provincia, en el \u00e1mbito de la Secretar\u00eda de Superintendencia y Administraci\u00f3n del Superior Tribunal de Justicia, y cuenta con una Direcci\u00f3n General y dos Delegaciones sitas en las ciudades de Ushuaia y R\u00edo Grande.<\/p>\n\n\n\n<p><strong>Autoridades<\/strong><\/p>\n\n\n\n<ul class=\"wp-block-list\">\n<li><strong>Dra. Mar\u00eda Laura Rocamora<\/strong> \u2013 Directora <\/li>\n\n\n\n<li><strong>Esc. Laura Natalia del Barrio<\/strong> \u2013 Sub Directora<\/li>\n\n\n\n<li><strong>Dr. Diego Fernando Asc\u00faa<\/strong> \u2013 Prosecretario<\/li>\n\n\n\n<li><strong>Dra. Romina Gisele Gimera<\/strong>&nbsp; \u2013 Prosecretaria<\/li>\n\n\n\n<li><strong>Dr. Marcos Alejandro Millalonco Calisto <\/strong>&#8211; Prosecretario<\/li>\n\n\n\n<li><strong>Esc. Paula Vassena<\/strong> \u2013 Prosecretaria<\/li>\n<\/ul>\n\n\n\n<p><\/p>\n","protected":false},"excerpt":{"rendered":"<p>El &nbsp;Registro &nbsp;de &nbsp;la &nbsp;Propiedad &nbsp;Inmueble &nbsp;tiene &nbsp;a &nbsp;su &nbsp;cargo &nbsp;la &nbsp;registraci\u00f3n &nbsp;y &nbsp;publicidad &nbsp;jur\u00eddica inmobiliaria en la Provincia de Tierra del Fuego, Ant\u00e1rtida e Islas del Atl\u00e1ntico Sur, conforme a las disposiciones contenidas en la Ley Nacional 17801 y en la Ley Provincial 532 -que lo crea y reglamenta sus funciones-. &nbsp;Esta &nbsp;funci\u00f3n &nbsp;permite &hellip;<\/p>\n","protected":false},"author":1,"featured_media":0,"parent":0,"menu_order":0,"comment_status":"closed","ping_status":"closed","template":"","meta":{"footnotes":""},"class_list":["post-19","page","type-page","status-publish",""],"_links":{"self":[{"href":"https:\/\/www.rpitdf.gob.ar\/index.php?rest_route=\/wp\/v2\/pages\/19","targetHints":{"allow":["GET"]}}],"collection":[{"href":"https:\/\/www.rpitdf.gob.ar\/index.php?rest_route=\/wp\/v2\/pages"}],"about":[{"href":"https:\/\/www.rpitdf.gob.ar\/index.php?rest_route=\/wp\/v2\/types\/page"}],"author":[{"embeddable":true,"href":"https:\/\/www.rpitdf.gob.ar\/index.php?rest_route=\/wp\/v2\/users\/1"}],"replies":[{"embeddable":true,"href":"https:\/\/www.rpitdf.gob.ar\/index.php?rest_route=%2Fwp%2Fv2%2Fcomments&post=19"}],"version-history":[{"count":11,"href":"https:\/\/www.rpitdf.gob.ar\/index.php?rest_route=\/wp\/v2\/pages\/19\/revisions"}],"predecessor-version":[{"id":1219,"href":"https:\/\/www.rpitdf.gob.ar\/index.php?rest_route=\/wp\/v2\/pages\/19\/revisions\/1219"}],"wp:attachment":[{"href":"https:\/\/www.rpitdf.gob.ar\/index.php?rest_route=%2Fwp%2Fv2%2Fmedia&parent=19"}],"curies":[{"name":"wp","href":"https:\/\/api.w.org\/{rel}","templated":true}]}}